{"id":1282,"date":"2024-11-21T13:39:27","date_gmt":"2024-11-21T12:39:27","guid":{"rendered":"https:\/\/www.kecskemeti11.hu\/?page_id=1282"},"modified":"2024-11-22T10:00:16","modified_gmt":"2024-11-22T09:00:16","slug":"karrier","status":"publish","type":"page","link":"https:\/\/kecskemeti11.hu\/index.php\/karrier\/","title":{"rendered":""},"content":{"rendered":"<h2 style=\"text-align: center;\">Rendeljen \u00d6n is Budapest sz\u00edv\u00e9ben!<\/h2>\n<p style=\"text-align: center;\">A Kecskem\u00e9ti 11. pszichi\u00e1ter \u00e9s pszichol\u00f3gus koll\u00e9g\u00e1kat keres, ak\u00e1r azonnali kezd\u00e9ssel is.<br \/>\nAlak\u00edtsa ki f\u0151v\u00e1rosi praxis\u00e1t vel\u00fcnk, a belv\u00e1ros leghangulatosabb s\u00e9t\u00e1l\u00f3utc\u00e1j\u00e1ban.<br \/>\nVersenyk\u00e9pes meg\u00e1llapod\u00e1ssal, szakk\u00e9pzett asszisztenci\u00e1val v\u00e1rjuk jelentkez\u00e9s\u00e9t.<\/p>\n<p style=\"text-align: center;\">Vegye fel vel\u00fcnk a kapcsolatot most.<br \/>\n48 \u00f3r\u00e1n bel\u00fcl visszah\u00edvjuk!<\/p>\n<div class=\"center\"><img loading=\"lazy\" decoding=\"async\" class=\"alignnone size-medium wp-image-1290\" src=\"https:\/\/www.kecskemeti11.hu\/wp-content\/uploads\/2024\/11\/1000047477-200x300.jpg\" alt=\"\" width=\"200\" height=\"300\" title=\"\" srcset=\"https:\/\/kecskemeti11.hu\/wp-content\/uploads\/2024\/11\/1000047477-200x300.jpg 200w, https:\/\/kecskemeti11.hu\/wp-content\/uploads\/2024\/11\/1000047477-683x1024.jpg 683w, https:\/\/kecskemeti11.hu\/wp-content\/uploads\/2024\/11\/1000047477-768x1152.jpg 768w, https:\/\/kecskemeti11.hu\/wp-content\/uploads\/2024\/11\/1000047477-1024x1536.jpg 1024w, https:\/\/kecskemeti11.hu\/wp-content\/uploads\/2024\/11\/1000047477.jpg 1080w\" sizes=\"auto, (max-width: 200px) 100vw, 200px\" \/> <img loading=\"lazy\" decoding=\"async\" class=\"alignnone size-medium wp-image-1291\" src=\"https:\/\/www.kecskemeti11.hu\/wp-content\/uploads\/2024\/11\/1000047480-200x300.jpg\" alt=\"\" width=\"200\" height=\"300\" title=\"\" srcset=\"https:\/\/kecskemeti11.hu\/wp-content\/uploads\/2024\/11\/1000047480-200x300.jpg 200w, https:\/\/kecskemeti11.hu\/wp-content\/uploads\/2024\/11\/1000047480-683x1024.jpg 683w, https:\/\/kecskemeti11.hu\/wp-content\/uploads\/2024\/11\/1000047480-768x1152.jpg 768w, https:\/\/kecskemeti11.hu\/wp-content\/uploads\/2024\/11\/1000047480-1024x1536.jpg 1024w, https:\/\/kecskemeti11.hu\/wp-content\/uploads\/2024\/11\/1000047480.jpg 1080w\" sizes=\"auto, (max-width: 200px) 100vw, 200px\" \/><\/div>\n","protected":false},"excerpt":{"rendered":"<p>Rendeljen \u00d6n is Budapest sz\u00edv\u00e9ben! A Kecskem\u00e9ti 11. pszichi\u00e1ter \u00e9s pszichol\u00f3gus koll\u00e9g\u00e1kat keres, ak\u00e1r azonnali kezd\u00e9ssel is. Alak\u00edtsa ki f\u0151v\u00e1rosi praxis\u00e1t vel\u00fcnk, a belv\u00e1ros leghangulatosabb s\u00e9t\u00e1l\u00f3utc\u00e1j\u00e1ban. Versenyk\u00e9pes meg\u00e1llapod\u00e1ssal, szakk\u00e9pzett asszisztenci\u00e1val v\u00e1rjuk jelentkez\u00e9s\u00e9t. Vegye fel vel\u00fcnk a kapcsolatot most. 48 \u00f3r\u00e1n bel\u00fcl visszah\u00edvjuk! [&#8230;]<\/p>\n<p><a class=\"btn btn-secondary understrap-read-more-link\" href=\"https:\/\/kecskemeti11.hu\/index.php\/karrier\/\">Tov\u00e1bb&#8230;<\/a><\/p>\n","protected":false},"author":7,"featured_media":0,"parent":0,"menu_order":0,"comment_status":"closed","ping_status":"closed","template":"","meta":{"_acf_changed":false,"footnotes":""},"class_list":["post-1282","page","type-page","status-publish","hentry"],"acf":[],"_links":{"self":[{"href":"https:\/\/kecskemeti11.hu\/index.php\/wp-json\/wp\/v2\/pages\/1282","targetHints":{"allow":["GET"]}}],"collection":[{"href":"https:\/\/kecskemeti11.hu\/index.php\/wp-json\/wp\/v2\/pages"}],"about":[{"href":"https:\/\/kecskemeti11.hu\/index.php\/wp-json\/wp\/v2\/types\/page"}],"author":[{"embeddable":true,"href":"https:\/\/kecskemeti11.hu\/index.php\/wp-json\/wp\/v2\/users\/7"}],"replies":[{"embeddable":true,"href":"https:\/\/kecskemeti11.hu\/index.php\/wp-json\/wp\/v2\/comments?post=1282"}],"version-history":[{"count":13,"href":"https:\/\/kecskemeti11.hu\/index.php\/wp-json\/wp\/v2\/pages\/1282\/revisions"}],"predecessor-version":[{"id":1301,"href":"https:\/\/kecskemeti11.hu\/index.php\/wp-json\/wp\/v2\/pages\/1282\/revisions\/1301"}],"wp:attachment":[{"href":"https:\/\/kecskemeti11.hu\/index.php\/wp-json\/wp\/v2\/media?parent=1282"}],"curies":[{"name":"wp","href":"https:\/\/api.w.org\/{rel}","templated":true}]}}